{"id":203,"date":"2025-09-19T08:44:29","date_gmt":"2025-09-19T08:44:29","guid":{"rendered":"https:\/\/parroquia.escaladigital.es\/?page_id=203"},"modified":"2025-12-17T19:53:12","modified_gmt":"2025-12-17T19:53:12","slug":"nuestra-senora-de-las-virtudes","status":"publish","type":"page","link":"https:\/\/parroquia.escaladigital.es\/index.php\/nuestra-senora-de-las-virtudes\/","title":{"rendered":"Nuestra Se\u00f1ora de las Virtudes"},"content":{"rendered":"<p>[et_pb_section fb_built=\u00bb1&#8243; next_background_color=\u00bb#ffffff\u00bb _builder_version=\u00bb4.27.4&#8243; _module_preset=\u00bbdefault\u00bb background_color=\u00bbgcid-1ca960c4-f7f5-462e-9bc0-93e92eae81c8&#8243; bottom_divider_style=\u00bbasymmetric\u00bb bottom_divider_flip=\u00bbhorizontal\u00bb global_colors_info=\u00bb{%22gcid-1ca960c4-f7f5-462e-9bc0-93e92eae81c8%22:%91%22background_color%22%93}\u00bb][et_pb_row _builder_version=\u00bb4.27.4&#8243; _module_preset=\u00bbdefault\u00bb global_colors_info=\u00bb{}\u00bb][et_pb_column type=\u00bb4_4&#8243; _builder_version=\u00bb4.27.4&#8243; _module_preset=\u00bbdefault\u00bb global_colors_info=\u00bb{}\u00bb][et_pb_text _builder_version=\u00bb4.27.4&#8243; _module_preset=\u00bbdefault\u00bb text_font=\u00bbCinzel|700|||||||\u00bb text_text_color=\u00bb#000000&#8243; text_font_size=\u00bb35px\u00bb text_orientation=\u00bbcenter\u00bb global_colors_info=\u00bb{}\u00bb]<\/p>\n<p style=\"text-align: left;\">Parroquia de Nuestra Se\u00f1ora de las Virtudes<\/p>\n<p>[\/et_pb_text][\/et_pb_column][\/et_pb_row][\/et_pb_section][et_pb_section fb_built=\u00bb1&#8243; _builder_version=\u00bb4.27.4&#8243; _module_preset=\u00bbdefault\u00bb collapsed=\u00bboff\u00bb global_colors_info=\u00bb{}\u00bb][et_pb_row column_structure=\u00bb1_3,2_3&#8243; _builder_version=\u00bb4.27.4&#8243; _module_preset=\u00bbdefault\u00bb collapsed=\u00bboff\u00bb global_colors_info=\u00bb{}\u00bb][et_pb_column type=\u00bb1_3&#8243; _builder_version=\u00bb4.27.4&#8243; _module_preset=\u00bbdefault\u00bb global_colors_info=\u00bb{}\u00bb][et_pb_image src=\u00bbhttps:\/\/parroquia.escaladigital.es\/wp-content\/uploads\/2025\/09\/Virtudesvill.jpeg\u00bb title_text=\u00bbOLYMPUS DIGITAL CAMERA\u00bb _builder_version=\u00bb4.27.4&#8243; _module_preset=\u00bbdefault\u00bb min_height=\u00bb399px\u00bb box_shadow_style=\u00bbpreset5&#8243; box_shadow_horizontal=\u00bb1px\u00bb box_shadow_vertical=\u00bb1px\u00bb box_shadow_spread=\u00bb16px\u00bb box_shadow_color=\u00bbgcid-5b0d67b3-dfab-4fdc-b524-1197340bd11c\u00bb global_colors_info=\u00bb{%22gcid-5b0d67b3-dfab-4fdc-b524-1197340bd11c%22:%91%22box_shadow_color%22%93}\u00bb][\/et_pb_image][\/et_pb_column][et_pb_column type=\u00bb2_3&#8243; _builder_version=\u00bb4.27.4&#8243; _module_preset=\u00bbdefault\u00bb global_colors_info=\u00bb{}\u00bb][et_pb_text _builder_version=\u00bb4.27.4&#8243; _module_preset=\u00bbdefault\u00bb text_font=\u00bbLato||||||||\u00bb text_text_color=\u00bb#000000&#8243; text_font_size=\u00bb18px\u00bb text_line_height=\u00bb1.6em\u00bb background_color=\u00bb#FFFFFF\u00bb custom_padding=\u00bb12px|12px|12px|12px|true|true\u00bb box_shadow_style=\u00bbpreset2&#8243; box_shadow_color=\u00bbgcid-d0f31c93-1603-44f3-8b64-1ce00fef9966&#8243; global_colors_info=\u00bb{%22gcid-d0f31c93-1603-44f3-8b64-1ce00fef9966%22:%91%22box_shadow_color%22%93}\u00bb]<\/p>\n<p style=\"text-align: justify;\"><span>Est\u00e1 asociada a la donaci\u00f3n que en 1342 hace el rey Alfonso XI<\/span><span> del cercano Castillo de Matrera<\/span><span>\u00a0y de todas las tierras contenidas bajo su demarcaci\u00f3n a la ciudad de\u00a0<\/span>Sevilla<span>; fecha a partir de la cual desde esta ciudad se decide su poblaci\u00f3n, vendiendo el territorio a censo perpetuo a una comunidad procedente de diversas partes de las provincias de\u00a0<\/span>C\u00e1diz<span>\u00a0y\u00a0<\/span>Sevilla<span>, quienes en 1503 adquieren mediante documento el pleno dominio del campo de Matrera. No obstante,\u00a0<\/span>Sevilla<span>\u00a0reclama los territorios insistentemente, origin\u00e1ndose un largo pleito sobre la titularidad de estas tierras que no se resolver\u00eda favorablemente para la poblaci\u00f3n ya consolidada de\u00a0<\/span>Villamart\u00edn<span>\u00a0hasta el a\u00f1o 1818.<\/span><\/p>\n<p>[\/et_pb_text][\/et_pb_column][\/et_pb_row][et_pb_row column_structure=\u00bb2_3,1_3&#8243; _builder_version=\u00bb4.27.4&#8243; _module_preset=\u00bbdefault\u00bb collapsed=\u00bboff\u00bb global_colors_info=\u00bb{}\u00bb][et_pb_column type=\u00bb2_3&#8243; _builder_version=\u00bb4.27.4&#8243; _module_preset=\u00bbdefault\u00bb global_colors_info=\u00bb{}\u00bb][et_pb_text _builder_version=\u00bb4.27.4&#8243; _module_preset=\u00bbdefault\u00bb text_font=\u00bbLato||||||||\u00bb text_text_color=\u00bb#000000&#8243; text_font_size=\u00bb18px\u00bb text_line_height=\u00bb1.6em\u00bb background_color=\u00bb#FFFFFF\u00bb custom_padding=\u00bb12px|12px|12px|12px|true|true\u00bb box_shadow_style=\u00bbpreset2&#8243; box_shadow_color=\u00bbgcid-d0f31c93-1603-44f3-8b64-1ce00fef9966&#8243; global_colors_info=\u00bb{%22gcid-d0f31c93-1603-44f3-8b64-1ce00fef9966%22:%91%22box_shadow_color%22%93}\u00bb]<\/p>\n<p style=\"text-align: justify;\">Esta continuada dependencia de la poblaci\u00f3n hacia el cabildo de<span>\u00a0<\/span>Sevilla<span>\u00a0<\/span>da lugar a que en ella trabajen algunos de los m\u00e1s prestigiosos arquitectos del arzobispado de aquella ciudad, como es el caso de<span>\u00a0<\/span>Juan de Oviedo<span>\u00a0<\/span>y de<span>\u00a0<\/span>Mart\u00edn de Gainza<span>\u00a0<\/span>quien, a mediados del siglo\u00a0<span>XVI<\/span><span>\u00a0<\/span>estaba al frente de las obras de esta parroquia de<span>\u00a0<\/span>Nuestra Se\u00f1ora de las Virtudes, la \u00edglesia m\u00e1s importante de la localidad, que debi\u00f3 ser en su origen un templo g\u00f3tico-mud\u00e9jar seg\u00fan se deduce por la fecha de su construcci\u00f3n y los arcos apuntados existentes sobre los pilares del cuerpo de la iglesia.<\/p>\n<p>En 1525 hay constancia del uso de la parroquia para bautizos.\u200b<\/p>\n<p>Mart\u00edn de Ga\u00ednza, fue designado en 1535<span>\u00a0<\/span><i>Maestro Mayor<\/i><span>\u00a0<\/span>de la catedral hispalense y encargado de distintas obras en tierras del arzobispado, debi\u00f3 continuar con la<span>\u00a0<\/span><i>Sacrist\u00eda<\/i><span>\u00a0<\/span>de esta parroquia, cuyas b\u00f3vedas recuerdan a las realizadas por \u00e9l mismo en la de la<span>\u00a0<\/span>Iglesia de Santa Mar\u00eda de la Asunci\u00f3n<span>\u00a0<\/span>de<span>\u00a0<\/span>Arcos de la Frontera.<\/p>\n<p>[\/et_pb_text][\/et_pb_column][et_pb_column type=\u00bb1_3&#8243; _builder_version=\u00bb4.27.4&#8243; _module_preset=\u00bbdefault\u00bb global_colors_info=\u00bb{}\u00bb][et_pb_image src=\u00bbhttps:\/\/parroquia.escaladigital.es\/wp-content\/uploads\/2025\/09\/parroquia-de-santa-maria-de-las-virtudes.jpg\u00bb title_text=\u00bbparroquia-de-santa-maria-de-las-virtudes\u00bb align=\u00bbcenter\u00bb _builder_version=\u00bb4.27.4&#8243; _module_preset=\u00bbdefault\u00bb global_colors_info=\u00bb{}\u00bb][\/et_pb_image][\/et_pb_column][\/et_pb_row][\/et_pb_section][et_pb_section fb_built=\u00bb1&#8243; _builder_version=\u00bb4.27.4&#8243; _module_preset=\u00bbdefault\u00bb locked=\u00bboff\u00bb collapsed=\u00bbon\u00bb global_colors_info=\u00bb{}\u00bb][et_pb_row column_structure=\u00bb3_5,2_5&#8243; _builder_version=\u00bb4.27.4&#8243; _module_preset=\u00bbdefault\u00bb global_colors_info=\u00bb{}\u00bb][et_pb_column type=\u00bb3_5&#8243; _builder_version=\u00bb4.27.4&#8243; _module_preset=\u00bbdefault\u00bb global_colors_info=\u00bb{}\u00bb][et_pb_image src=\u00bbhttps:\/\/parroquia.escaladigital.es\/wp-content\/uploads\/2025\/09\/Virtudesvill.jpeg\u00bb title_text=\u00bbOLYMPUS DIGITAL CAMERA\u00bb _builder_version=\u00bb4.27.4&#8243; _module_preset=\u00bbdefault\u00bb width=\u00bb100%\u00bb max_width=\u00bb100%\u00bb min_height=\u00bb283px\u00bb border_radii=\u00bbon|10px|10px|10px|10px\u00bb global_colors_info=\u00bb{}\u00bb][\/et_pb_image][\/et_pb_column][et_pb_column type=\u00bb2_5&#8243; _builder_version=\u00bb4.27.4&#8243; _module_preset=\u00bbdefault\u00bb global_colors_info=\u00bb{}\u00bb][et_pb_text _builder_version=\u00bb4.27.4&#8243; _module_preset=\u00bbdefault\u00bb text_font=\u00bbCinzel|700|||||||\u00bb text_text_color=\u00bb#000000&#8243; text_font_size=\u00bb25px\u00bb border_width_bottom=\u00bb2px\u00bb global_colors_info=\u00bb{}\u00bb]<\/p>\n<p>Iglesia Parroquial de Santa Mar\u00eda de las Virtudes<\/p>\n<p>[\/et_pb_text][et_pb_text _builder_version=\u00bb4.27.4&#8243; _module_preset=\u00bbdefault\u00bb text_font=\u00bbLato||||||||\u00bb text_text_color=\u00bb#000000&#8243; text_font_size=\u00bb18px\u00bb text_line_height=\u00bb1.8em\u00bb global_colors_info=\u00bb{}\u00bb]<\/p>\n<p style=\"text-align: justify;\">Es el templo principal de Villamart\u00edn. Comenz\u00f3 a construirse en la primera mitad del siglo XVI, poco despu\u00e9s de la fundaci\u00f3n del municipio en 1503.<br data-start=\"392\" data-end=\"395\" \/>Arquitect\u00f3nicamente tiene planta de tres naves separadas por pilares, con techumbre de madera y elementos mud\u00e9jares en los tramos iniciales, y rasgos renacentistas en la cabecera y sacrist\u00eda gracias a intervenciones de maestros como Mart\u00edn de Ga\u00ednza.\u00a0<br data-start=\"686\" data-end=\"689\" \/>Destacan su retablo mayor (siglo XVII, Francisco Dionisio de Rivas; esculturas de Pedro Rold\u00e1n), la colecci\u00f3n de plater\u00eda de los siglos XVI-XVIII, y la torre-fachada dise\u00f1ada por Hern\u00e1n Ru\u00edz II.<\/p>\n<p>[\/et_pb_text][et_pb_button button_url=\u00bbhttps:\/\/parroquia.escaladigital.es\/index.php\/hermandades\/?et_fb=1&#038;PageSpeed=off\/#nazareno\u00bb button_text=\u00bbHermandades\u00bb button_alignment=\u00bbleft\u00bb module_class=\u00bbbtn_style_30&#8243; _builder_version=\u00bb4.27.4&#8243; _module_preset=\u00bbdefault\u00bb custom_button=\u00bbon\u00bb button_text_color=\u00bb#FFFFFF\u00bb button_bg_color=\u00bbgcid-5b0d67b3-dfab-4fdc-b524-1197340bd11c\u00bb button_border_width=\u00bb0px\u00bb button_border_radius=\u00bb0px\u00bb button_font=\u00bbLato||||||||\u00bb custom_padding=\u00bb||||false|false\u00bb hover_enabled=\u00bb0&#8243; custom_css_before=\u00bbcontent: %22%22;||    position: absolute;||    z-index: -1;||    top: 0;||    left: 0;||    right: 0;||    bottom: 0;||    background: #b09d8e;||    -webkit-transform: scaleX(0);||    transform: scaleX(0);||    -webkit-transform-origin: 0 50%;||    transform-origin: 0 50%;||    -webkit-transition-property: transform;||    transition-property: transform;||    -webkit-transition-duration: 0.3s;||    transition-duration: 0.3s;||    -webkit-transition-timing-function: ease-out;||    transition-timing-function: ease-out;||display:block !important;||opacity:1;||margin-left:0;\u00bb custom_css_main_element=\u00bb    padding: .3em 1em !important;||z-index:0;\u00bb custom_css_after=\u00bbdisplay:none;\u00bb locked=\u00bboff\u00bb global_colors_info=\u00bb{%22gcid-5b0d67b3-dfab-4fdc-b524-1197340bd11c%22:%91%22button_bg_color%22%93}\u00bb custom_css_main_element__hover_enabled=\u00bbon|desktop\u00bb custom_css_before__hover_enabled=\u00bbon|hover\u00bb custom_css_before__hover=\u00bb-webkit-transform: scaleX(1);||    transform: scaleX(1);\u00bb custom_css_main_element__hover=\u00bb    padding: .3em 1em !important;||z-index:0;\u00bb sticky_enabled=\u00bb0&#8243;][\/et_pb_button][\/et_pb_column][\/et_pb_row][et_pb_row _builder_version=\u00bb4.27.4&#8243; _module_preset=\u00bbdefault\u00bb background_color=\u00bbgcid-1ca960c4-f7f5-462e-9bc0-93e92eae81c8&#8243; custom_padding=\u00bb|20px||20px|false|true\u00bb box_shadow_style=\u00bbpreset2&#8243; global_colors_info=\u00bb{%22gcid-1ca960c4-f7f5-462e-9bc0-93e92eae81c8%22:%91%22background_color%22%93}\u00bb][et_pb_column type=\u00bb4_4&#8243; _builder_version=\u00bb4.27.4&#8243; _module_preset=\u00bbdefault\u00bb global_colors_info=\u00bb{}\u00bb][et_pb_gallery gallery_ids=\u00bb987493815,258,261,260&#8243; posts_number=\u00bb10&#8243; show_title_and_caption=\u00bboff\u00bb zoom_icon_color=\u00bb#000000&#8243; _builder_version=\u00bb4.27.4&#8243; _module_preset=\u00bbdefault\u00bb border_radii_image=\u00bbon|16px|16px|16px|16px\u00bb border_color_all_image=\u00bbgcid-bcc99e3b-722a-4dba-85e5-49c6d1592562&#8243; box_shadow_style_image=\u00bbpreset2&#8243; global_colors_info=\u00bb{%22gcid-bcc99e3b-722a-4dba-85e5-49c6d1592562%22:%91%22border_color_all_image%22%93}\u00bb][\/et_pb_gallery][\/et_pb_column][\/et_pb_row][\/et_pb_section]<\/p>\n","protected":false},"excerpt":{"rendered":"<p>Parroquia de Nuestra Se\u00f1ora de las VirtudesEst\u00e1 asociada a la donaci\u00f3n que en 1342 hace el rey Alfonso XI del cercano Castillo de Matrera\u00a0y de todas las tierras contenidas bajo su demarcaci\u00f3n a la ciudad de\u00a0Sevilla; fecha a partir de la cual desde esta ciudad se decide su poblaci\u00f3n, vendiendo el territorio a censo perpetuo [&hellip;]<\/p>\n","protected":false},"author":1,"featured_media":0,"parent":0,"menu_order":0,"comment_status":"closed","ping_status":"closed","template":"","meta":{"_et_pb_use_builder":"on","_et_pb_old_content":"","_et_gb_content_width":"","footnotes":""},"class_list":["post-203","page","type-page","status-publish","hentry"],"_links":{"self":[{"href":"https:\/\/parroquia.escaladigital.es\/index.php\/wp-json\/wp\/v2\/pages\/203","targetHints":{"allow":["GET"]}}],"collection":[{"href":"https:\/\/parroquia.escaladigital.es\/index.php\/wp-json\/wp\/v2\/pages"}],"about":[{"href":"https:\/\/parroquia.escaladigital.es\/index.php\/wp-json\/wp\/v2\/types\/page"}],"author":[{"embeddable":true,"href":"https:\/\/parroquia.escaladigital.es\/index.php\/wp-json\/wp\/v2\/users\/1"}],"replies":[{"embeddable":true,"href":"https:\/\/parroquia.escaladigital.es\/index.php\/wp-json\/wp\/v2\/comments?post=203"}],"version-history":[{"count":26,"href":"https:\/\/parroquia.escaladigital.es\/index.php\/wp-json\/wp\/v2\/pages\/203\/revisions"}],"predecessor-version":[{"id":987494135,"href":"https:\/\/parroquia.escaladigital.es\/index.php\/wp-json\/wp\/v2\/pages\/203\/revisions\/987494135"}],"wp:attachment":[{"href":"https:\/\/parroquia.escaladigital.es\/index.php\/wp-json\/wp\/v2\/media?parent=203"}],"curies":[{"name":"wp","href":"https:\/\/api.w.org\/{rel}","templated":true}]}}