{"id":265,"date":"2025-09-23T10:27:54","date_gmt":"2025-09-23T10:27:54","guid":{"rendered":"https:\/\/parroquia.escaladigital.es\/?page_id=265"},"modified":"2025-12-17T19:40:12","modified_gmt":"2025-12-17T19:40:12","slug":"hermandades","status":"publish","type":"page","link":"https:\/\/parroquia.escaladigital.es\/index.php\/hermandades\/","title":{"rendered":"Hermandades"},"content":{"rendered":"<p>[et_pb_section fb_built=\u00bb1&#8243; _builder_version=\u00bb4.27.4&#8243; _module_preset=\u00bbdefault\u00bb background_color=\u00bbgcid-5b0d67b3-dfab-4fdc-b524-1197340bd11c\u00bb global_colors_info=\u00bb{%22gcid-c4903da3-c84d-4ab2-b008-46886c088f01%22:%91%22background_pattern_color%22%93,%22gcid-5b0d67b3-dfab-4fdc-b524-1197340bd11c%22:%91%22background_color%22%93}\u00bb theme_builder_area=\u00bbpost_content\u00bb][et_pb_row _builder_version=\u00bb4.27.4&#8243; _module_preset=\u00bbdefault\u00bb global_colors_info=\u00bb{}\u00bb theme_builder_area=\u00bbpost_content\u00bb][et_pb_column type=\u00bb4_4&#8243; _builder_version=\u00bb4.27.4&#8243; _module_preset=\u00bbdefault\u00bb global_colors_info=\u00bb{}\u00bb theme_builder_area=\u00bbpost_content\u00bb][et_pb_text _builder_version=\u00bb4.27.4&#8243; _module_preset=\u00bbdefault\u00bb text_font=\u00bbAboreto|700||||on|||\u00bb text_text_color=\u00bb#000000&#8243; text_font_size=\u00bb60px\u00bb background_enable_color=\u00bboff\u00bb text_orientation=\u00bbcenter\u00bb hover_enabled=\u00bb0&#8243; global_colors_info=\u00bb{%22gcid-bcc99e3b-722a-4dba-85e5-49c6d1592562%22:%91%22background_color%22%93}\u00bb theme_builder_area=\u00bbpost_content\u00bb sticky_enabled=\u00bb0&#8243;]<\/p>\n<p>Hermandades<\/p>\n<p>[\/et_pb_text][\/et_pb_column][\/et_pb_row][\/et_pb_section][et_pb_section fb_built=\u00bb1&#8243; _builder_version=\u00bb4.27.4&#8243; _module_preset=\u00bbdefault\u00bb collapsed=\u00bboff\u00bb global_colors_info=\u00bb{}\u00bb][et_pb_row module_id=\u00bbborriquita\u00bb _builder_version=\u00bb4.27.4&#8243; _module_preset=\u00bbdefault\u00bb global_colors_info=\u00bb{}\u00bb][et_pb_column type=\u00bb4_4&#8243; _builder_version=\u00bb4.27.4&#8243; _module_preset=\u00bbdefault\u00bb global_colors_info=\u00bb{}\u00bb][et_pb_text _builder_version=\u00bb4.27.4&#8243; _module_preset=\u00bbdefault\u00bb text_font=\u00bbCinzel||||||||\u00bb text_text_color=\u00bb#000000&#8243; global_colors_info=\u00bb{}\u00bb]<\/p>\n<h3>Hermandad de Nuestro Padre Jes\u00fas de la Paz y la Caridad en su Entrada Triunfal en Jerusal\u00e9n y Mar\u00eda Sant\u00edsima de los Reyes<\/h3>\n<p>[\/et_pb_text][\/et_pb_column][\/et_pb_row][et_pb_row column_structure=\u00bb1_2,1_2&#8243; _builder_version=\u00bb4.27.4&#8243; _module_preset=\u00bbdefault\u00bb background_color=\u00bbgcid-1ca960c4-f7f5-462e-9bc0-93e92eae81c8&#8243; custom_padding=\u00bb|20px||20px|false|true\u00bb box_shadow_style=\u00bbpreset2&#8243; locked=\u00bboff\u00bb global_colors_info=\u00bb{%22gcid-1ca960c4-f7f5-462e-9bc0-93e92eae81c8%22:%91%22background_color%22%93}\u00bb][et_pb_column type=\u00bb1_2&#8243; _builder_version=\u00bb4.27.4&#8243; _module_preset=\u00bbdefault\u00bb global_colors_info=\u00bb{}\u00bb][et_pb_gallery gallery_ids=\u00bb987493811,987493825&#8243; posts_number=\u00bb2&#8243; show_title_and_caption=\u00bboff\u00bb zoom_icon_color=\u00bb#000000&#8243; _builder_version=\u00bb4.27.4&#8243; _module_preset=\u00bbdefault\u00bb border_radii_image=\u00bbon|16px|16px|16px|16px\u00bb border_color_all_image=\u00bbgcid-bcc99e3b-722a-4dba-85e5-49c6d1592562&#8243; box_shadow_style_image=\u00bbpreset2&#8243; global_colors_info=\u00bb{%22gcid-bcc99e3b-722a-4dba-85e5-49c6d1592562%22:%91%22border_color_all_image%22%93}\u00bb][\/et_pb_gallery][\/et_pb_column][et_pb_column type=\u00bb1_2&#8243; _builder_version=\u00bb4.27.4&#8243; _module_preset=\u00bbdefault\u00bb global_colors_info=\u00bb{}\u00bb][et_pb_text _builder_version=\u00bb4.27.4&#8243; _module_preset=\u00bbdefault\u00bb global_colors_info=\u00bb{}\u00bb]<\/p>\n<p>A\u00f1adir breve descripci\u00f3n de la hermandad (historia, titulares&#8230;)<\/p>\n<p>&nbsp;<\/p>\n<p>[\/et_pb_text][et_pb_text _builder_version=\u00bb4.27.4&#8243; _module_preset=\u00bbdefault\u00bb global_colors_info=\u00bb{}\u00bb]<\/p>\n<p>A\u00f1adir localizaci\u00f3n de la casa hermandad<\/p>\n<p>[\/et_pb_text][\/et_pb_column][\/et_pb_row][\/et_pb_section][et_pb_section fb_built=\u00bb1&#8243; _builder_version=\u00bb4.27.4&#8243; _module_preset=\u00bbdefault\u00bb global_colors_info=\u00bb{}\u00bb][et_pb_row _builder_version=\u00bb4.27.4&#8243; _module_preset=\u00bbdefault\u00bb global_colors_info=\u00bb{}\u00bb][et_pb_column type=\u00bb4_4&#8243; _builder_version=\u00bb4.27.4&#8243; _module_preset=\u00bbdefault\u00bb global_colors_info=\u00bb{}\u00bb][et_pb_text _builder_version=\u00bb4.27.4&#8243; _module_preset=\u00bbdefault\u00bb text_font=\u00bbCinzel||||||||\u00bb text_text_color=\u00bb#000000&#8243; global_colors_info=\u00bb{}\u00bb]<\/p>\n<h3><a href=\"https:\/\/www.cofradiasyhermandades.es\/fichacofradia-COFRADIAS-Villamartin-Prendimiento-T3NET1VXM2xBSUkwYWxYUmljT1hmZz09\">Hermandad de Nuestro Padre Jes\u00fas de la Misericordia en su Prendimiento, Mar\u00eda Sant\u00edsima de la Esperanza, San Juan Evangelista y Santa \u00c1ngela de la Cruz<\/a><\/h3>\n<p>[\/et_pb_text][\/et_pb_column][\/et_pb_row][et_pb_row column_structure=\u00bb1_2,1_2&#8243; _builder_version=\u00bb4.27.4&#8243; _module_preset=\u00bbdefault\u00bb background_color=\u00bbgcid-1ca960c4-f7f5-462e-9bc0-93e92eae81c8&#8243; custom_padding=\u00bb|20px||20px|false|true\u00bb box_shadow_style=\u00bbpreset2&#8243; locked=\u00bboff\u00bb global_colors_info=\u00bb{%22gcid-1ca960c4-f7f5-462e-9bc0-93e92eae81c8%22:%91%22background_color%22%93}\u00bb][et_pb_column type=\u00bb1_2&#8243; _builder_version=\u00bb4.27.4&#8243; _module_preset=\u00bbdefault\u00bb global_colors_info=\u00bb{}\u00bb][et_pb_gallery gallery_ids=\u00bb987493819&#8243; posts_number=\u00bb2&#8243; show_title_and_caption=\u00bboff\u00bb zoom_icon_color=\u00bb#000000&#8243; _builder_version=\u00bb4.27.4&#8243; _module_preset=\u00bbdefault\u00bb border_radii_image=\u00bbon|16px|16px|16px|16px\u00bb border_color_all_image=\u00bbgcid-bcc99e3b-722a-4dba-85e5-49c6d1592562&#8243; box_shadow_style_image=\u00bbpreset2&#8243; global_colors_info=\u00bb{%22gcid-bcc99e3b-722a-4dba-85e5-49c6d1592562%22:%91%22border_color_all_image%22%93}\u00bb][\/et_pb_gallery][\/et_pb_column][et_pb_column type=\u00bb1_2&#8243; _builder_version=\u00bb4.27.4&#8243; _module_preset=\u00bbdefault\u00bb global_colors_info=\u00bb{}\u00bb][et_pb_text _builder_version=\u00bb4.27.4&#8243; _module_preset=\u00bbdefault\u00bb global_colors_info=\u00bb{}\u00bb]<\/p>\n<p>A\u00f1adir breve descripci\u00f3n de la hermandad (historia, titulares&#8230;)<\/p>\n<p>&nbsp;<\/p>\n<p>[\/et_pb_text][et_pb_text _builder_version=\u00bb4.27.4&#8243; _module_preset=\u00bbdefault\u00bb global_colors_info=\u00bb{}\u00bb]<\/p>\n<p>A\u00f1adir localizaci\u00f3n de la casa hermandad<\/p>\n<p>[\/et_pb_text][\/et_pb_column][\/et_pb_row][\/et_pb_section][et_pb_section fb_built=\u00bb1&#8243; module_id=\u00bbnazareno\u00bb _builder_version=\u00bb4.27.4&#8243; _module_preset=\u00bbdefault\u00bb global_colors_info=\u00bb{}\u00bb][et_pb_row _builder_version=\u00bb4.27.4&#8243; _module_preset=\u00bbdefault\u00bb global_colors_info=\u00bb{}\u00bb][et_pb_column type=\u00bb4_4&#8243; _builder_version=\u00bb4.27.4&#8243; _module_preset=\u00bbdefault\u00bb global_colors_info=\u00bb{}\u00bb][et_pb_text module_id=\u00bbnazareno\u00bb _builder_version=\u00bb4.27.4&#8243; _module_preset=\u00bbdefault\u00bb text_font=\u00bbCinzel||||||||\u00bb text_text_color=\u00bb#000000&#8243; global_colors_info=\u00bb{}\u00bb]<\/p>\n<h3>Real e Ilustre Hermandad, Antigua y Venerable Cofrad\u00eda de Nazarenos de Nuestro Padre Jes\u00fas Nazareno y Mar\u00eda Sant\u00edsima de los Dolores<\/h3>\n<p>[\/et_pb_text][\/et_pb_column][\/et_pb_row][et_pb_row column_structure=\u00bb1_2,1_2&#8243; _builder_version=\u00bb4.27.4&#8243; _module_preset=\u00bbdefault\u00bb background_color=\u00bbgcid-1ca960c4-f7f5-462e-9bc0-93e92eae81c8&#8243; custom_padding=\u00bb|20px||20px|false|true\u00bb box_shadow_style=\u00bbpreset2&#8243; locked=\u00bboff\u00bb global_colors_info=\u00bb{%22gcid-1ca960c4-f7f5-462e-9bc0-93e92eae81c8%22:%91%22background_color%22%93}\u00bb][et_pb_column type=\u00bb1_2&#8243; _builder_version=\u00bb4.27.4&#8243; _module_preset=\u00bbdefault\u00bb global_colors_info=\u00bb{}\u00bb][et_pb_gallery gallery_ids=\u00bb987493817,987493823&#8243; posts_number=\u00bb2&#8243; show_title_and_caption=\u00bboff\u00bb zoom_icon_color=\u00bb#000000&#8243; _builder_version=\u00bb4.27.4&#8243; _module_preset=\u00bbdefault\u00bb border_radii_image=\u00bbon|16px|16px|16px|16px\u00bb border_color_all_image=\u00bbgcid-bcc99e3b-722a-4dba-85e5-49c6d1592562&#8243; box_shadow_style_image=\u00bbpreset2&#8243; global_colors_info=\u00bb{%22gcid-bcc99e3b-722a-4dba-85e5-49c6d1592562%22:%91%22border_color_all_image%22%93}\u00bb][\/et_pb_gallery][\/et_pb_column][et_pb_column type=\u00bb1_2&#8243; _builder_version=\u00bb4.27.4&#8243; _module_preset=\u00bbdefault\u00bb global_colors_info=\u00bb{}\u00bb][et_pb_text _builder_version=\u00bb4.27.4&#8243; _module_preset=\u00bbdefault\u00bb global_colors_info=\u00bb{}\u00bb]<\/p>\n<p>A\u00f1adir breve descripci\u00f3n de la hermandad (historia, titulares&#8230;)<\/p>\n<p>&nbsp;<\/p>\n<p>[\/et_pb_text][et_pb_text _builder_version=\u00bb4.27.4&#8243; _module_preset=\u00bbdefault\u00bb global_colors_info=\u00bb{}\u00bb]<\/p>\n<p>A\u00f1adir localizaci\u00f3n de la casa hermandad<\/p>\n<p>[\/et_pb_text][\/et_pb_column][\/et_pb_row][\/et_pb_section][et_pb_section fb_built=\u00bb1&#8243; _builder_version=\u00bb4.27.4&#8243; _module_preset=\u00bbdefault\u00bb global_colors_info=\u00bb{}\u00bb][et_pb_row _builder_version=\u00bb4.27.4&#8243; _module_preset=\u00bbdefault\u00bb global_colors_info=\u00bb{}\u00bb][et_pb_column type=\u00bb4_4&#8243; _builder_version=\u00bb4.27.4&#8243; _module_preset=\u00bbdefault\u00bb global_colors_info=\u00bb{}\u00bb][et_pb_text module_id=\u00bbangustias\u00bb _builder_version=\u00bb4.27.4&#8243; _module_preset=\u00bbdefault\u00bb text_font=\u00bbCinzel||||||||\u00bb text_text_color=\u00bb#000000&#8243; global_colors_info=\u00bb{}\u00bb]<\/p>\n<h2 class=\"colorlib-heading\">Hermandad de Nuestra Se\u00f1ora de las Angustias<\/h2>\n<p>[\/et_pb_text][\/et_pb_column][\/et_pb_row][et_pb_row column_structure=\u00bb1_2,1_2&#8243; _builder_version=\u00bb4.27.4&#8243; _module_preset=\u00bbdefault\u00bb background_color=\u00bbgcid-1ca960c4-f7f5-462e-9bc0-93e92eae81c8&#8243; custom_padding=\u00bb|20px||20px|false|true\u00bb box_shadow_style=\u00bbpreset2&#8243; locked=\u00bboff\u00bb global_colors_info=\u00bb{%22gcid-1ca960c4-f7f5-462e-9bc0-93e92eae81c8%22:%91%22background_color%22%93}\u00bb][et_pb_column type=\u00bb1_2&#8243; _builder_version=\u00bb4.27.4&#8243; _module_preset=\u00bbdefault\u00bb global_colors_info=\u00bb{}\u00bb][et_pb_gallery gallery_ids=\u00bb987493822&#8243; posts_number=\u00bb2&#8243; show_title_and_caption=\u00bboff\u00bb zoom_icon_color=\u00bb#000000&#8243; _builder_version=\u00bb4.27.4&#8243; _module_preset=\u00bbdefault\u00bb border_radii_image=\u00bbon|16px|16px|16px|16px\u00bb border_color_all_image=\u00bbgcid-bcc99e3b-722a-4dba-85e5-49c6d1592562&#8243; box_shadow_style_image=\u00bbpreset2&#8243; global_colors_info=\u00bb{%22gcid-bcc99e3b-722a-4dba-85e5-49c6d1592562%22:%91%22border_color_all_image%22%93}\u00bb][\/et_pb_gallery][\/et_pb_column][et_pb_column type=\u00bb1_2&#8243; _builder_version=\u00bb4.27.4&#8243; _module_preset=\u00bbdefault\u00bb global_colors_info=\u00bb{}\u00bb][et_pb_text _builder_version=\u00bb4.27.4&#8243; _module_preset=\u00bbdefault\u00bb global_colors_info=\u00bb{}\u00bb]<\/p>\n<p>A\u00f1adir breve descripci\u00f3n de la hermandad (historia, titulares&#8230;)<\/p>\n<p>&nbsp;<\/p>\n<p>[\/et_pb_text][et_pb_text _builder_version=\u00bb4.27.4&#8243; _module_preset=\u00bbdefault\u00bb global_colors_info=\u00bb{}\u00bb]<\/p>\n<p>A\u00f1adir localizaci\u00f3n de la casa hermandad<\/p>\n<p>[\/et_pb_text][\/et_pb_column][\/et_pb_row][\/et_pb_section][et_pb_section fb_built=\u00bb1&#8243; _builder_version=\u00bb4.27.4&#8243; _module_preset=\u00bbdefault\u00bb global_colors_info=\u00bb{}\u00bb][et_pb_row _builder_version=\u00bb4.27.4&#8243; _module_preset=\u00bbdefault\u00bb global_colors_info=\u00bb{}\u00bb][et_pb_column type=\u00bb4_4&#8243; _builder_version=\u00bb4.27.4&#8243; _module_preset=\u00bbdefault\u00bb global_colors_info=\u00bb{}\u00bb][et_pb_text _builder_version=\u00bb4.27.4&#8243; _module_preset=\u00bbdefault\u00bb text_font=\u00bbCinzel||||||||\u00bb text_text_color=\u00bb#000000&#8243; global_colors_info=\u00bb{}\u00bb]<\/p>\n<h3>Hermandad y Cofrad\u00eda de Nazarenos del Santo Entierro de Nuestro Se\u00f1or Jesucristo y Mar\u00eda Sant\u00edsima de la Soledad<\/h3>\n<p>[\/et_pb_text][\/et_pb_column][\/et_pb_row][et_pb_row column_structure=\u00bb1_2,1_2&#8243; _builder_version=\u00bb4.27.4&#8243; _module_preset=\u00bbdefault\u00bb background_color=\u00bbgcid-1ca960c4-f7f5-462e-9bc0-93e92eae81c8&#8243; custom_padding=\u00bb|20px||20px|false|true\u00bb box_shadow_style=\u00bbpreset2&#8243; locked=\u00bboff\u00bb global_colors_info=\u00bb{%22gcid-1ca960c4-f7f5-462e-9bc0-93e92eae81c8%22:%91%22background_color%22%93}\u00bb][et_pb_column type=\u00bb1_2&#8243; _builder_version=\u00bb4.27.4&#8243; _module_preset=\u00bbdefault\u00bb global_colors_info=\u00bb{}\u00bb][et_pb_gallery gallery_ids=\u00bb987493842,987493841&#8243; posts_number=\u00bb2&#8243; show_title_and_caption=\u00bboff\u00bb zoom_icon_color=\u00bb#000000&#8243; _builder_version=\u00bb4.27.4&#8243; _module_preset=\u00bbdefault\u00bb border_radii_image=\u00bbon|16px|16px|16px|16px\u00bb border_color_all_image=\u00bbgcid-bcc99e3b-722a-4dba-85e5-49c6d1592562&#8243; box_shadow_style_image=\u00bbpreset2&#8243; global_colors_info=\u00bb{%22gcid-bcc99e3b-722a-4dba-85e5-49c6d1592562%22:%91%22border_color_all_image%22%93}\u00bb][\/et_pb_gallery][\/et_pb_column][et_pb_column type=\u00bb1_2&#8243; _builder_version=\u00bb4.27.4&#8243; _module_preset=\u00bbdefault\u00bb global_colors_info=\u00bb{}\u00bb][et_pb_text _builder_version=\u00bb4.27.4&#8243; _module_preset=\u00bbdefault\u00bb global_colors_info=\u00bb{}\u00bb]<\/p>\n<p>A\u00f1adir breve descripci\u00f3n de la hermandad (historia, titulares&#8230;)<\/p>\n<p>&nbsp;<\/p>\n<p>[\/et_pb_text][et_pb_text _builder_version=\u00bb4.27.4&#8243; _module_preset=\u00bbdefault\u00bb global_colors_info=\u00bb{}\u00bb]<\/p>\n<p>A\u00f1adir localizaci\u00f3n de la casa hermandad<\/p>\n<p>[\/et_pb_text][\/et_pb_column][\/et_pb_row][\/et_pb_section][et_pb_section fb_built=\u00bb1&#8243; _builder_version=\u00bb4.27.4&#8243; _module_preset=\u00bbdefault\u00bb global_colors_info=\u00bb{}\u00bb][et_pb_row _builder_version=\u00bb4.27.4&#8243; _module_preset=\u00bbdefault\u00bb global_colors_info=\u00bb{}\u00bb][et_pb_column type=\u00bb4_4&#8243; _builder_version=\u00bb4.27.4&#8243; _module_preset=\u00bbdefault\u00bb global_colors_info=\u00bb{}\u00bb][et_pb_text _builder_version=\u00bb4.27.4&#8243; _module_preset=\u00bbdefault\u00bb text_font=\u00bbCinzel||||||||\u00bb text_text_color=\u00bb#000000&#8243; global_colors_info=\u00bb{}\u00bb]<\/p>\n<h3>Hermandad de Nuestro Padre Jes\u00fas Resucitado y Mar\u00eda Sant\u00edsima de las Virtudes<\/h3>\n<p>[\/et_pb_text][\/et_pb_column][\/et_pb_row][et_pb_row column_structure=\u00bb1_2,1_2&#8243; _builder_version=\u00bb4.27.4&#8243; _module_preset=\u00bbdefault\u00bb background_color=\u00bbgcid-1ca960c4-f7f5-462e-9bc0-93e92eae81c8&#8243; custom_padding=\u00bb|20px||20px|false|true\u00bb box_shadow_style=\u00bbpreset2&#8243; locked=\u00bboff\u00bb global_colors_info=\u00bb{%22gcid-1ca960c4-f7f5-462e-9bc0-93e92eae81c8%22:%91%22background_color%22%93}\u00bb][et_pb_column type=\u00bb1_2&#8243; _builder_version=\u00bb4.27.4&#8243; _module_preset=\u00bbdefault\u00bb global_colors_info=\u00bb{}\u00bb][et_pb_gallery gallery_ids=\u00bb987493820,987493826&#8243; posts_number=\u00bb2&#8243; show_title_and_caption=\u00bboff\u00bb zoom_icon_color=\u00bb#000000&#8243; _builder_version=\u00bb4.27.4&#8243; _module_preset=\u00bbdefault\u00bb border_radii_image=\u00bbon|16px|16px|16px|16px\u00bb border_color_all_image=\u00bbgcid-bcc99e3b-722a-4dba-85e5-49c6d1592562&#8243; box_shadow_style_image=\u00bbpreset2&#8243; global_colors_info=\u00bb{%22gcid-bcc99e3b-722a-4dba-85e5-49c6d1592562%22:%91%22border_color_all_image%22%93}\u00bb][\/et_pb_gallery][\/et_pb_column][et_pb_column type=\u00bb1_2&#8243; _builder_version=\u00bb4.27.4&#8243; _module_preset=\u00bbdefault\u00bb global_colors_info=\u00bb{}\u00bb][et_pb_text _builder_version=\u00bb4.27.4&#8243; _module_preset=\u00bbdefault\u00bb global_colors_info=\u00bb{}\u00bb]<\/p>\n<p>A\u00f1adir breve descripci\u00f3n de la hermandad (historia, titulares&#8230;)<\/p>\n<p>&nbsp;<\/p>\n<p>[\/et_pb_text][et_pb_text _builder_version=\u00bb4.27.4&#8243; _module_preset=\u00bbdefault\u00bb global_colors_info=\u00bb{}\u00bb]<\/p>\n<p>A\u00f1adir localizaci\u00f3n de la casa hermandad<\/p>\n<p>[\/et_pb_text][\/et_pb_column][\/et_pb_row][\/et_pb_section][et_pb_section fb_built=\u00bb1&#8243; _builder_version=\u00bb4.27.4&#8243; _module_preset=\u00bbdefault\u00bb global_colors_info=\u00bb{}\u00bb][et_pb_row _builder_version=\u00bb4.27.4&#8243; _module_preset=\u00bbdefault\u00bb global_colors_info=\u00bb{}\u00bb][et_pb_column type=\u00bb4_4&#8243; _builder_version=\u00bb4.27.4&#8243; _module_preset=\u00bbdefault\u00bb global_colors_info=\u00bb{}\u00bb][et_pb_text _builder_version=\u00bb4.27.4&#8243; _module_preset=\u00bbdefault\u00bb text_font=\u00bbCinzel||||||||\u00bb text_text_color=\u00bb#000000&#8243; global_colors_info=\u00bb{}\u00bb]<\/p>\n<h3>Real e Ilustre Hermandad de Nuestra Se\u00f1ora de las Monta\u00f1as Coronada<\/h3>\n<p>[\/et_pb_text][\/et_pb_column][\/et_pb_row][et_pb_row column_structure=\u00bb1_2,1_2&#8243; _builder_version=\u00bb4.27.4&#8243; _module_preset=\u00bbdefault\u00bb background_color=\u00bbgcid-1ca960c4-f7f5-462e-9bc0-93e92eae81c8&#8243; custom_padding=\u00bb|20px||20px|false|true\u00bb box_shadow_style=\u00bbpreset2&#8243; locked=\u00bboff\u00bb global_colors_info=\u00bb{%22gcid-1ca960c4-f7f5-462e-9bc0-93e92eae81c8%22:%91%22background_color%22%93}\u00bb][et_pb_column type=\u00bb1_2&#8243; _builder_version=\u00bb4.27.4&#8243; _module_preset=\u00bbdefault\u00bb global_colors_info=\u00bb{}\u00bb][et_pb_gallery gallery_ids=\u00bb987493824&#8243; posts_number=\u00bb2&#8243; show_title_and_caption=\u00bboff\u00bb zoom_icon_color=\u00bb#000000&#8243; _builder_version=\u00bb4.27.4&#8243; _module_preset=\u00bbdefault\u00bb border_radii_image=\u00bbon|16px|16px|16px|16px\u00bb border_color_all_image=\u00bbgcid-bcc99e3b-722a-4dba-85e5-49c6d1592562&#8243; box_shadow_style_image=\u00bbpreset2&#8243; global_colors_info=\u00bb{%22gcid-bcc99e3b-722a-4dba-85e5-49c6d1592562%22:%91%22border_color_all_image%22%93}\u00bb][\/et_pb_gallery][\/et_pb_column][et_pb_column type=\u00bb1_2&#8243; _builder_version=\u00bb4.27.4&#8243; _module_preset=\u00bbdefault\u00bb global_colors_info=\u00bb{}\u00bb][et_pb_text _builder_version=\u00bb4.27.4&#8243; _module_preset=\u00bbdefault\u00bb global_colors_info=\u00bb{}\u00bb]<\/p>\n<p>A\u00f1adir breve descripci\u00f3n de la hermandad (historia, titulares&#8230;)<\/p>\n<p>&nbsp;<\/p>\n<p>[\/et_pb_text][et_pb_text _builder_version=\u00bb4.27.4&#8243; _module_preset=\u00bbdefault\u00bb global_colors_info=\u00bb{}\u00bb]<\/p>\n<p>A\u00f1adir localizaci\u00f3n de la casa hermandad<\/p>\n<p>[\/et_pb_text][\/et_pb_column][\/et_pb_row][\/et_pb_section][et_pb_section fb_built=\u00bb1&#8243; _builder_version=\u00bb4.27.4&#8243; _module_preset=\u00bbdefault\u00bb global_colors_info=\u00bb{}\u00bb][et_pb_row _builder_version=\u00bb4.27.4&#8243; _module_preset=\u00bbdefault\u00bb global_colors_info=\u00bb{}\u00bb][et_pb_column type=\u00bb4_4&#8243; _builder_version=\u00bb4.27.4&#8243; _module_preset=\u00bbdefault\u00bb global_colors_info=\u00bb{}\u00bb][et_pb_text _builder_version=\u00bb4.27.4&#8243; _module_preset=\u00bbdefault\u00bb text_font=\u00bbCinzel||||||||\u00bb text_text_color=\u00bb#000000&#8243; global_colors_info=\u00bb{}\u00bb]<\/p>\n<h2 class=\"colorlib-heading\">Hermandad Sacramental<\/h2>\n<p>[\/et_pb_text][\/et_pb_column][\/et_pb_row][et_pb_row column_structure=\u00bb1_2,1_2&#8243; _builder_version=\u00bb4.27.4&#8243; _module_preset=\u00bbdefault\u00bb background_color=\u00bbgcid-1ca960c4-f7f5-462e-9bc0-93e92eae81c8&#8243; custom_padding=\u00bb|20px||20px|false|true\u00bb box_shadow_style=\u00bbpreset2&#8243; locked=\u00bboff\u00bb global_colors_info=\u00bb{%22gcid-1ca960c4-f7f5-462e-9bc0-93e92eae81c8%22:%91%22background_color%22%93}\u00bb][et_pb_column type=\u00bb1_2&#8243; _builder_version=\u00bb4.27.4&#8243; _module_preset=\u00bbdefault\u00bb global_colors_info=\u00bb{}\u00bb][et_pb_gallery gallery_ids=\u00bb987493824&#8243; posts_number=\u00bb2&#8243; show_title_and_caption=\u00bboff\u00bb zoom_icon_color=\u00bb#000000&#8243; _builder_version=\u00bb4.27.4&#8243; _module_preset=\u00bbdefault\u00bb border_radii_image=\u00bbon|16px|16px|16px|16px\u00bb border_color_all_image=\u00bbgcid-bcc99e3b-722a-4dba-85e5-49c6d1592562&#8243; box_shadow_style_image=\u00bbpreset2&#8243; global_colors_info=\u00bb{%22gcid-bcc99e3b-722a-4dba-85e5-49c6d1592562%22:%91%22border_color_all_image%22%93}\u00bb][\/et_pb_gallery][\/et_pb_column][et_pb_column type=\u00bb1_2&#8243; _builder_version=\u00bb4.27.4&#8243; _module_preset=\u00bbdefault\u00bb global_colors_info=\u00bb{}\u00bb][et_pb_text _builder_version=\u00bb4.27.4&#8243; _module_preset=\u00bbdefault\u00bb global_colors_info=\u00bb{}\u00bb]<\/p>\n<p>A\u00f1adir breve descripci\u00f3n de la hermandad (historia, titulares&#8230;)<\/p>\n<p>&nbsp;<\/p>\n<p>[\/et_pb_text][et_pb_text _builder_version=\u00bb4.27.4&#8243; _module_preset=\u00bbdefault\u00bb global_colors_info=\u00bb{}\u00bb]<\/p>\n<p>A\u00f1adir localizaci\u00f3n de la casa hermandad<\/p>\n<p>[\/et_pb_text][\/et_pb_column][\/et_pb_row][\/et_pb_section]<\/p>\n","protected":false},"excerpt":{"rendered":"<p>HermandadesHermandad de Nuestro Padre Jes\u00fas de la Paz y la Caridad en su Entrada Triunfal en Jerusal\u00e9n y Mar\u00eda Sant\u00edsima de los ReyesA\u00f1adir breve descripci\u00f3n de la hermandad (historia, titulares&#8230;) &nbsp;A\u00f1adir localizaci\u00f3n de la casa hermandadHermandad de Nuestro Padre Jes\u00fas de la Misericordia en su Prendimiento, Mar\u00eda Sant\u00edsima de la Esperanza, San Juan Evangelista y [&hellip;]<\/p>\n","protected":false},"author":1,"featured_media":0,"parent":0,"menu_order":0,"comment_status":"closed","ping_status":"closed","template":"","meta":{"_et_pb_use_builder":"on","_et_pb_old_content":"","_et_gb_content_width":"","footnotes":""},"class_list":["post-265","page","type-page","status-publish","hentry"],"_links":{"self":[{"href":"https:\/\/parroquia.escaladigital.es\/index.php\/wp-json\/wp\/v2\/pages\/265","targetHints":{"allow":["GET"]}}],"collection":[{"href":"https:\/\/parroquia.escaladigital.es\/index.php\/wp-json\/wp\/v2\/pages"}],"about":[{"href":"https:\/\/parroquia.escaladigital.es\/index.php\/wp-json\/wp\/v2\/types\/page"}],"author":[{"embeddable":true,"href":"https:\/\/parroquia.escaladigital.es\/index.php\/wp-json\/wp\/v2\/users\/1"}],"replies":[{"embeddable":true,"href":"https:\/\/parroquia.escaladigital.es\/index.php\/wp-json\/wp\/v2\/comments?post=265"}],"version-history":[{"count":15,"href":"https:\/\/parroquia.escaladigital.es\/index.php\/wp-json\/wp\/v2\/pages\/265\/revisions"}],"predecessor-version":[{"id":987494129,"href":"https:\/\/parroquia.escaladigital.es\/index.php\/wp-json\/wp\/v2\/pages\/265\/revisions\/987494129"}],"wp:attachment":[{"href":"https:\/\/parroquia.escaladigital.es\/index.php\/wp-json\/wp\/v2\/media?parent=265"}],"curies":[{"name":"wp","href":"https:\/\/api.w.org\/{rel}","templated":true}]}}