{"id":987493912,"date":"2025-10-07T16:44:08","date_gmt":"2025-10-07T16:44:08","guid":{"rendered":"https:\/\/parroquia.escaladigital.es\/?page_id=987493912"},"modified":"2025-12-17T19:42:25","modified_gmt":"2025-12-17T19:42:25","slug":"grupos","status":"publish","type":"page","link":"https:\/\/parroquia.escaladigital.es\/index.php\/grupos\/","title":{"rendered":"Grupos"},"content":{"rendered":"<p>[et_pb_section fb_built=\u00bb1&#8243; _builder_version=\u00bb4.27.4&#8243; _module_preset=\u00bbdefault\u00bb background_color=\u00bbgcid-5b0d67b3-dfab-4fdc-b524-1197340bd11c\u00bb global_colors_info=\u00bb{%22gcid-c4903da3-c84d-4ab2-b008-46886c088f01%22:%91%22background_pattern_color%22%93,%22gcid-5b0d67b3-dfab-4fdc-b524-1197340bd11c%22:%91%22background_color%22%93}\u00bb theme_builder_area=\u00bbpost_content\u00bb][et_pb_row _builder_version=\u00bb4.27.4&#8243; _module_preset=\u00bbdefault\u00bb global_colors_info=\u00bb{}\u00bb theme_builder_area=\u00bbpost_content\u00bb][et_pb_column type=\u00bb4_4&#8243; _builder_version=\u00bb4.27.4&#8243; _module_preset=\u00bbdefault\u00bb global_colors_info=\u00bb{}\u00bb theme_builder_area=\u00bbpost_content\u00bb][et_pb_text _builder_version=\u00bb4.27.4&#8243; _module_preset=\u00bbdefault\u00bb text_font=\u00bbAboreto|700||||on|||\u00bb text_text_color=\u00bb#000000&#8243; text_font_size=\u00bb60px\u00bb background_enable_color=\u00bboff\u00bb text_orientation=\u00bbcenter\u00bb hover_enabled=\u00bb0&#8243; global_colors_info=\u00bb{%22gcid-bcc99e3b-722a-4dba-85e5-49c6d1592562%22:%91%22background_color%22%93}\u00bb theme_builder_area=\u00bbpost_content\u00bb sticky_enabled=\u00bb0&#8243;]<\/p>\n<p>Grupos<\/p>\n<p>[\/et_pb_text][\/et_pb_column][\/et_pb_row][\/et_pb_section][et_pb_section fb_built=\u00bb1&#8243; _builder_version=\u00bb4.27.4&#8243; _module_preset=\u00bbdefault\u00bb global_colors_info=\u00bb{}\u00bb][et_pb_row _builder_version=\u00bb4.27.4&#8243; _module_preset=\u00bbdefault\u00bb global_colors_info=\u00bb{}\u00bb][et_pb_column type=\u00bb4_4&#8243; _builder_version=\u00bb4.27.4&#8243; _module_preset=\u00bbdefault\u00bb global_colors_info=\u00bb{}\u00bb][et_pb_text _builder_version=\u00bb4.27.4&#8243; _module_preset=\u00bbdefault\u00bb global_colors_info=\u00bb{}\u00bb]<\/p>\n<p>Adoraci\u00f3n nocturna (masculina y femenina)\u00a0<\/p>\n<p>Cursillos de cristiandad<\/p>\n<p>Madres que rezan por sus hijos<\/p>\n<p>Christifideles Laici<\/p>\n<p>Lectio Divina<\/p>\n<p>Ministros de la comuni\u00f3n\u00a0<\/p>\n<p>Grupo de lectores<\/p>\n<p>Grupo b\u00edblico<\/p>\n<p>Catequesis de ni\u00f1os y j\u00f3venes<\/p>\n<p>[\/et_pb_text][\/et_pb_column][\/et_pb_row][\/et_pb_section]<\/p>\n","protected":false},"excerpt":{"rendered":"<p>GruposAdoraci\u00f3n nocturna (masculina y femenina)\u00a0 Cursillos de cristiandad Madres que rezan por sus hijos Christifideles Laici Lectio Divina Ministros de la comuni\u00f3n\u00a0 Grupo de lectores Grupo b\u00edblico Catequesis de ni\u00f1os y j\u00f3venes<\/p>\n","protected":false},"author":1,"featured_media":0,"parent":0,"menu_order":0,"comment_status":"closed","ping_status":"closed","template":"","meta":{"_et_pb_use_builder":"on","_et_pb_old_content":"","_et_gb_content_width":"","footnotes":""},"class_list":["post-987493912","page","type-page","status-publish","hentry"],"_links":{"self":[{"href":"https:\/\/parroquia.escaladigital.es\/index.php\/wp-json\/wp\/v2\/pages\/987493912","targetHints":{"allow":["GET"]}}],"collection":[{"href":"https:\/\/parroquia.escaladigital.es\/index.php\/wp-json\/wp\/v2\/pages"}],"about":[{"href":"https:\/\/parroquia.escaladigital.es\/index.php\/wp-json\/wp\/v2\/types\/page"}],"author":[{"embeddable":true,"href":"https:\/\/parroquia.escaladigital.es\/index.php\/wp-json\/wp\/v2\/users\/1"}],"replies":[{"embeddable":true,"href":"https:\/\/parroquia.escaladigital.es\/index.php\/wp-json\/wp\/v2\/comments?post=987493912"}],"version-history":[{"count":4,"href":"https:\/\/parroquia.escaladigital.es\/index.php\/wp-json\/wp\/v2\/pages\/987493912\/revisions"}],"predecessor-version":[{"id":987494132,"href":"https:\/\/parroquia.escaladigital.es\/index.php\/wp-json\/wp\/v2\/pages\/987493912\/revisions\/987494132"}],"wp:attachment":[{"href":"https:\/\/parroquia.escaladigital.es\/index.php\/wp-json\/wp\/v2\/media?parent=987493912"}],"curies":[{"name":"wp","href":"https:\/\/api.w.org\/{rel}","templated":true}]}}