{"id":987493922,"date":"2025-10-07T16:57:44","date_gmt":"2025-10-07T16:57:44","guid":{"rendered":"https:\/\/parroquia.escaladigital.es\/?page_id=987493922"},"modified":"2025-12-17T19:16:23","modified_gmt":"2025-12-17T19:16:23","slug":"san-francisco","status":"publish","type":"page","link":"https:\/\/parroquia.escaladigital.es\/index.php\/san-francisco\/","title":{"rendered":"San Francisco"},"content":{"rendered":"<p>[et_pb_section fb_built=\u00bb1&#8243; next_background_color=\u00bb#ffffff\u00bb _builder_version=\u00bb4.27.4&#8243; _module_preset=\u00bbdefault\u00bb background_color=\u00bbgcid-1ca960c4-f7f5-462e-9bc0-93e92eae81c8&#8243; bottom_divider_style=\u00bbasymmetric\u00bb bottom_divider_flip=\u00bbhorizontal\u00bb global_colors_info=\u00bb{%22gcid-1ca960c4-f7f5-462e-9bc0-93e92eae81c8%22:%91%22background_color%22%93}\u00bb][et_pb_row _builder_version=\u00bb4.27.4&#8243; _module_preset=\u00bbdefault\u00bb global_colors_info=\u00bb{}\u00bb][et_pb_column type=\u00bb4_4&#8243; _builder_version=\u00bb4.27.4&#8243; _module_preset=\u00bbdefault\u00bb global_colors_info=\u00bb{}\u00bb][et_pb_text _builder_version=\u00bb4.27.4&#8243; _module_preset=\u00bbdefault\u00bb text_font=\u00bbCinzel|700|||||||\u00bb text_text_color=\u00bb#000000&#8243; text_font_size=\u00bb35px\u00bb text_orientation=\u00bbcenter\u00bb global_colors_info=\u00bb{}\u00bb]<\/p>\n<p style=\"text-align: left;\">Iglesia de San Francisco<\/p>\n<p>[\/et_pb_text][\/et_pb_column][\/et_pb_row][\/et_pb_section][et_pb_section fb_built=\u00bb1&#8243; _builder_version=\u00bb4.27.4&#8243; _module_preset=\u00bbdefault\u00bb collapsed=\u00bbon\u00bb global_colors_info=\u00bb{}\u00bb locked=\u00bboff\u00bb][et_pb_row column_structure=\u00bb1_2,1_4,1_4&#8243; _builder_version=\u00bb4.27.4&#8243; _module_preset=\u00bbdefault\u00bb global_colors_info=\u00bb{}\u00bb][et_pb_column type=\u00bb1_2&#8243; _builder_version=\u00bb4.27.4&#8243; _module_preset=\u00bbdefault\u00bb global_colors_info=\u00bb{}\u00bb][et_pb_text _builder_version=\u00bb4.27.4&#8243; _module_preset=\u00bbdefault\u00bb text_font=\u00bbCinzel||||||||\u00bb text_text_color=\u00bb#000000&#8243; text_font_size=\u00bb25px\u00bb border_width_bottom=\u00bb2px\u00bb global_colors_info=\u00bb{}\u00bb]<\/p>\n<p>Iglesia de San Francisco<\/p>\n<p>[\/et_pb_text][et_pb_text _builder_version=\u00bb4.27.4&#8243; _module_preset=\u00bbdefault\u00bb text_font=\u00bbLato||||||||\u00bb text_text_color=\u00bb#000000&#8243; text_font_size=\u00bb18px\u00bb text_line_height=\u00bb1.8em\u00bb global_colors_info=\u00bb{}\u00bb]<\/p>\n<p style=\"text-align: justify;\">Se trata de una iglesia no parroquial, dependiente de la Parroquia de Santa Mar\u00eda de las Virtudes.<br data-start=\"1101\" data-end=\"1104\" \/>Est\u00e1 ubicada en la calle San Francisco n\u00ba 15 en Villamart\u00edn.\u00a0<br data-start=\"1205\" data-end=\"1208\" \/>Se utiliza para misas y cultos religiosos (por ejemplo la Hermandad del Santo Entierro utiliza esta capilla para cultos en determinados momentos).<\/p>\n<p>[\/et_pb_text][\/et_pb_column][et_pb_column type=\u00bb1_4&#8243; _builder_version=\u00bb4.27.4&#8243; _module_preset=\u00bbdefault\u00bb global_colors_info=\u00bb{}\u00bb][et_pb_image src=\u00bbhttps:\/\/parroquia.escaladigital.es\/wp-content\/uploads\/2025\/10\/sanfrancisco.jpeg\u00bb title_text=\u00bbsanfrancisco\u00bb _builder_version=\u00bb4.27.4&#8243; _module_preset=\u00bbdefault\u00bb animation_style=\u00bbslide\u00bb animation_direction=\u00bbleft\u00bb border_style_all=\u00bbdouble\u00bb border_width_right=\u00bb10px\u00bb border_color_right=\u00bbgcid-d0f31c93-1603-44f3-8b64-1ce00fef9966&#8243; border_width_bottom=\u00bb10px\u00bb border_color_bottom=\u00bbgcid-d0f31c93-1603-44f3-8b64-1ce00fef9966&#8243; global_colors_info=\u00bb{%22gcid-d0f31c93-1603-44f3-8b64-1ce00fef9966%22:%91%22border_color_bottom%22,%22border_color_right%22%93}\u00bb][\/et_pb_image][\/et_pb_column][et_pb_column type=\u00bb1_4&#8243; _builder_version=\u00bb4.27.4&#8243; _module_preset=\u00bbdefault\u00bb global_colors_info=\u00bb{}\u00bb][et_pb_image src=\u00bbhttps:\/\/parroquia.escaladigital.es\/wp-content\/uploads\/2025\/10\/IglesiaSanFrancisco-villamartin.jpg\u00bb title_text=\u00bbIglesiaSanFrancisco-villamartin\u00bb _builder_version=\u00bb4.27.4&#8243; _module_preset=\u00bbdefault\u00bb animation_style=\u00bbslide\u00bb animation_direction=\u00bbbottom\u00bb box_shadow_style=\u00bbpreset2&#8243; box_shadow_horizontal=\u00bb12px\u00bb box_shadow_vertical=\u00bb12px\u00bb box_shadow_color=\u00bbgcid-d0f31c93-1603-44f3-8b64-1ce00fef9966&#8243; global_colors_info=\u00bb{%22gcid-d0f31c93-1603-44f3-8b64-1ce00fef9966%22:%91%22box_shadow_color%22%93}\u00bb][\/et_pb_image][\/et_pb_column][\/et_pb_row][et_pb_row _builder_version=\u00bb4.27.4&#8243; _module_preset=\u00bbdefault\u00bb background_color=\u00bbgcid-1ca960c4-f7f5-462e-9bc0-93e92eae81c8&#8243; custom_padding=\u00bb|20px||20px|false|true\u00bb box_shadow_style=\u00bbpreset2&#8243; global_colors_info=\u00bb{%22gcid-1ca960c4-f7f5-462e-9bc0-93e92eae81c8%22:%91%22background_color%22%93}\u00bb][et_pb_column type=\u00bb4_4&#8243; _builder_version=\u00bb4.27.4&#8243; _module_preset=\u00bbdefault\u00bb global_colors_info=\u00bb{}\u00bb][et_pb_text _builder_version=\u00bb4.27.4&#8243; _module_preset=\u00bbdefault\u00bb text_font=\u00bbCinzel||||||||\u00bb text_text_color=\u00bb#000000&#8243; global_colors_info=\u00bb{}\u00bb]<\/p>\n<h3>Hermandad y Cofrad\u00eda de Nazarenos del Santo Entierro de Nuestro Se\u00f1or Jesucristo y Mar\u00eda Sant\u00edsima de la Soledad<\/h3>\n<p>[\/et_pb_text][et_pb_gallery gallery_ids=\u00bb987493821,987493841,987493842&#8243; show_title_and_caption=\u00bboff\u00bb zoom_icon_color=\u00bb#000000&#8243; _builder_version=\u00bb4.27.4&#8243; _module_preset=\u00bbdefault\u00bb border_radii_image=\u00bbon|16px|16px|16px|16px\u00bb border_color_all_image=\u00bbgcid-bcc99e3b-722a-4dba-85e5-49c6d1592562&#8243; box_shadow_style_image=\u00bbpreset2&#8243; global_colors_info=\u00bb{%22gcid-bcc99e3b-722a-4dba-85e5-49c6d1592562%22:%91%22border_color_all_image%22%93}\u00bb][\/et_pb_gallery][\/et_pb_column][\/et_pb_row][\/et_pb_section]<\/p>\n","protected":false},"excerpt":{"rendered":"<p>Iglesia de San FranciscoIglesia de San FranciscoSe trata de una iglesia no parroquial, dependiente de la Parroquia de Santa Mar\u00eda de las Virtudes.Est\u00e1 ubicada en la calle San Francisco n\u00ba 15 en Villamart\u00edn.\u00a0Se utiliza para misas y cultos religiosos (por ejemplo la Hermandad del Santo Entierro utiliza esta capilla para cultos en determinados momentos).Hermandad y [&hellip;]<\/p>\n","protected":false},"author":1,"featured_media":0,"parent":0,"menu_order":0,"comment_status":"closed","ping_status":"closed","template":"","meta":{"_et_pb_use_builder":"on","_et_pb_old_content":"","_et_gb_content_width":"","footnotes":""},"class_list":["post-987493922","page","type-page","status-publish","hentry"],"_links":{"self":[{"href":"https:\/\/parroquia.escaladigital.es\/index.php\/wp-json\/wp\/v2\/pages\/987493922","targetHints":{"allow":["GET"]}}],"collection":[{"href":"https:\/\/parroquia.escaladigital.es\/index.php\/wp-json\/wp\/v2\/pages"}],"about":[{"href":"https:\/\/parroquia.escaladigital.es\/index.php\/wp-json\/wp\/v2\/types\/page"}],"author":[{"embeddable":true,"href":"https:\/\/parroquia.escaladigital.es\/index.php\/wp-json\/wp\/v2\/users\/1"}],"replies":[{"embeddable":true,"href":"https:\/\/parroquia.escaladigital.es\/index.php\/wp-json\/wp\/v2\/comments?post=987493922"}],"version-history":[{"count":8,"href":"https:\/\/parroquia.escaladigital.es\/index.php\/wp-json\/wp\/v2\/pages\/987493922\/revisions"}],"predecessor-version":[{"id":987494118,"href":"https:\/\/parroquia.escaladigital.es\/index.php\/wp-json\/wp\/v2\/pages\/987493922\/revisions\/987494118"}],"wp:attachment":[{"href":"https:\/\/parroquia.escaladigital.es\/index.php\/wp-json\/wp\/v2\/media?parent=987493922"}],"curies":[{"name":"wp","href":"https:\/\/api.w.org\/{rel}","templated":true}]}}