{"id":987493925,"date":"2025-10-07T16:58:24","date_gmt":"2025-10-07T16:58:24","guid":{"rendered":"https:\/\/parroquia.escaladigital.es\/?page_id=987493925"},"modified":"2025-12-17T19:26:50","modified_gmt":"2025-12-17T19:26:50","slug":"nuestra-senora-de-las-angustias","status":"publish","type":"page","link":"https:\/\/parroquia.escaladigital.es\/index.php\/nuestra-senora-de-las-angustias\/","title":{"rendered":"Nuestra Se\u00f1ora de las Angustias"},"content":{"rendered":"<p>[et_pb_section fb_built=\u00bb1&#8243; next_background_color=\u00bb#ffffff\u00bb _builder_version=\u00bb4.27.4&#8243; _module_preset=\u00bbdefault\u00bb background_color=\u00bbgcid-1ca960c4-f7f5-462e-9bc0-93e92eae81c8&#8243; bottom_divider_style=\u00bbasymmetric\u00bb bottom_divider_flip=\u00bbhorizontal\u00bb global_colors_info=\u00bb{%22gcid-1ca960c4-f7f5-462e-9bc0-93e92eae81c8%22:%91%22background_color%22%93}\u00bb][et_pb_row _builder_version=\u00bb4.27.4&#8243; _module_preset=\u00bbdefault\u00bb global_colors_info=\u00bb{}\u00bb][et_pb_column type=\u00bb4_4&#8243; _builder_version=\u00bb4.27.4&#8243; _module_preset=\u00bbdefault\u00bb global_colors_info=\u00bb{}\u00bb][et_pb_text _builder_version=\u00bb4.27.4&#8243; _module_preset=\u00bbdefault\u00bb text_font=\u00bbCinzel|700|||||||\u00bb text_text_color=\u00bb#000000&#8243; text_font_size=\u00bb35px\u00bb text_orientation=\u00bbcenter\u00bb global_colors_info=\u00bb{}\u00bb]<\/p>\n<p style=\"text-align: left;\">Iglesia de Nuestra Se\u00f1ora de las Angustias<\/p>\n<p>[\/et_pb_text][\/et_pb_column][\/et_pb_row][\/et_pb_section][et_pb_section fb_built=\u00bb1&#8243; _builder_version=\u00bb4.27.4&#8243; _module_preset=\u00bbdefault\u00bb locked=\u00bboff\u00bb collapsed=\u00bbon\u00bb global_colors_info=\u00bb{}\u00bb][et_pb_row column_structure=\u00bb2_3,1_3&#8243; _builder_version=\u00bb4.27.4&#8243; _module_preset=\u00bbdefault\u00bb global_colors_info=\u00bb{}\u00bb][et_pb_column type=\u00bb2_3&#8243; _builder_version=\u00bb4.27.4&#8243; _module_preset=\u00bbdefault\u00bb global_colors_info=\u00bb{}\u00bb][et_pb_text _builder_version=\u00bb4.27.4&#8243; _module_preset=\u00bbdefault\u00bb text_font=\u00bbCinzel||||||||\u00bb text_text_color=\u00bb#000000&#8243; text_font_size=\u00bb25px\u00bb global_colors_info=\u00bb{}\u00bb]<\/p>\n<p>Capilla de Nuestra Se\u00f1ora de las Angustias<\/p>\n<p>[\/et_pb_text][et_pb_text _builder_version=\u00bb4.27.4&#8243; _module_preset=\u00bbdefault\u00bb text_font=\u00bbLato||||||||\u00bb text_text_color=\u00bb#000000&#8243; text_font_size=\u00bb18px\u00bb text_line_height=\u00bb1.8em\u00bb global_colors_info=\u00bb{}\u00bb]<\/p>\n<p style=\"text-align: justify;\">Tambi\u00e9n templo no parroquial. Pertenece a la Parroquia de Santa Mar\u00eda de las Virtudes.<br data-start=\"1578\" data-end=\"1581\" \/>Est\u00e1 situada en la calle Botica, s\/n de Villamart\u00edn.<br data-start=\"1674\" data-end=\"1677\" \/>Se utiliza en particular para actos y devociones centradas en la Virgen de las Angustias dentro de la comunidad de fieles.<\/p>\n<p>[\/et_pb_text][et_pb_button button_url=\u00bbhttps:\/\/parroquia.escaladigital.es\/index.php\/hermandades\/?et_fb=1&#038;PageSpeed=off\/#angustias\u00bb button_text=\u00bbHermandades\u00bb button_alignment=\u00bbleft\u00bb module_class=\u00bbbtn_style_30&#8243; _builder_version=\u00bb4.27.4&#8243; _module_preset=\u00bbdefault\u00bb custom_button=\u00bbon\u00bb button_text_color=\u00bb#FFFFFF\u00bb button_bg_color=\u00bbgcid-5b0d67b3-dfab-4fdc-b524-1197340bd11c\u00bb button_border_width=\u00bb0px\u00bb button_border_radius=\u00bb0px\u00bb button_font=\u00bbLato||||||||\u00bb custom_padding=\u00bb||||false|false\u00bb hover_enabled=\u00bb0&#8243; custom_css_before=\u00bbcontent: %22%22;||    position: absolute;||    z-index: -1;||    top: 0;||    left: 0;||    right: 0;||    bottom: 0;||    background: #b09d8e;||    -webkit-transform: scaleX(0);||    transform: scaleX(0);||    -webkit-transform-origin: 0 50%;||    transform-origin: 0 50%;||    -webkit-transition-property: transform;||    transition-property: transform;||    -webkit-transition-duration: 0.3s;||    transition-duration: 0.3s;||    -webkit-transition-timing-function: ease-out;||    transition-timing-function: ease-out;||display:block !important;||opacity:1;||margin-left:0;\u00bb custom_css_main_element=\u00bb    padding: .3em 1em !important;||z-index:0;\u00bb custom_css_after=\u00bbdisplay:none;\u00bb locked=\u00bboff\u00bb global_colors_info=\u00bb{%22gcid-5b0d67b3-dfab-4fdc-b524-1197340bd11c%22:%91%22button_bg_color%22%93}\u00bb custom_css_main_element__hover_enabled=\u00bbon|desktop\u00bb custom_css_before__hover_enabled=\u00bbon|hover\u00bb custom_css_before__hover=\u00bb-webkit-transform: scaleX(1);||    transform: scaleX(1);\u00bb custom_css_main_element__hover=\u00bb    padding: .3em 1em !important;||z-index:0;\u00bb button_bg_enable_color=\u00bbon\u00bb sticky_enabled=\u00bb0&#8243;][\/et_pb_button][\/et_pb_column][et_pb_column type=\u00bb1_3&#8243; _builder_version=\u00bb4.27.4&#8243; _module_preset=\u00bbdefault\u00bb global_colors_info=\u00bb{}\u00bb][et_pb_image src=\u00bbhttps:\/\/parroquia.escaladigital.es\/wp-content\/uploads\/2025\/10\/Angustias.jpg\u00bb title_text=\u00bbAngustias\u00bb _builder_version=\u00bb4.27.4&#8243; _module_preset=\u00bbdefault\u00bb global_colors_info=\u00bb{}\u00bb][\/et_pb_image][\/et_pb_column][\/et_pb_row][et_pb_row _builder_version=\u00bb4.27.4&#8243; _module_preset=\u00bbdefault\u00bb background_color=\u00bbgcid-1ca960c4-f7f5-462e-9bc0-93e92eae81c8&#8243; custom_padding=\u00bb|20px||20px|false|true\u00bb box_shadow_style=\u00bbpreset2&#8243; global_colors_info=\u00bb{%22gcid-1ca960c4-f7f5-462e-9bc0-93e92eae81c8%22:%91%22background_color%22%93}\u00bb][et_pb_column type=\u00bb4_4&#8243; _builder_version=\u00bb4.27.4&#8243; _module_preset=\u00bbdefault\u00bb global_colors_info=\u00bb{}\u00bb][et_pb_text _builder_version=\u00bb4.27.4&#8243; _module_preset=\u00bbdefault\u00bb text_font=\u00bbCinzel||||||||\u00bb text_text_color=\u00bb#000000&#8243; global_colors_info=\u00bb{}\u00bb]<\/p>\n<h2 class=\"colorlib-heading\">Hermandad de Nuestra Se\u00f1ora de las Angustias<\/h2>\n<p>[\/et_pb_text][et_pb_gallery gallery_ids=\u00bb987493822&#8243; show_title_and_caption=\u00bboff\u00bb zoom_icon_color=\u00bb#000000&#8243; _builder_version=\u00bb4.27.4&#8243; _module_preset=\u00bbdefault\u00bb border_radii_image=\u00bbon|16px|16px|16px|16px\u00bb border_color_all_image=\u00bbgcid-bcc99e3b-722a-4dba-85e5-49c6d1592562&#8243; box_shadow_style_image=\u00bbpreset2&#8243; global_colors_info=\u00bb{%22gcid-bcc99e3b-722a-4dba-85e5-49c6d1592562%22:%91%22border_color_all_image%22%93}\u00bb][\/et_pb_gallery][\/et_pb_column][\/et_pb_row][\/et_pb_section]<\/p>\n","protected":false},"excerpt":{"rendered":"<p>Iglesia de Nuestra Se\u00f1ora de las AngustiasCapilla de Nuestra Se\u00f1ora de las AngustiasTambi\u00e9n templo no parroquial. Pertenece a la Parroquia de Santa Mar\u00eda de las Virtudes.Est\u00e1 situada en la calle Botica, s\/n de Villamart\u00edn.Se utiliza en particular para actos y devociones centradas en la Virgen de las Angustias dentro de la comunidad de fieles.Hermandad de [&hellip;]<\/p>\n","protected":false},"author":1,"featured_media":0,"parent":0,"menu_order":0,"comment_status":"closed","ping_status":"closed","template":"","meta":{"_et_pb_use_builder":"on","_et_pb_old_content":"","_et_gb_content_width":"","footnotes":""},"class_list":["post-987493925","page","type-page","status-publish","hentry"],"_links":{"self":[{"href":"https:\/\/parroquia.escaladigital.es\/index.php\/wp-json\/wp\/v2\/pages\/987493925","targetHints":{"allow":["GET"]}}],"collection":[{"href":"https:\/\/parroquia.escaladigital.es\/index.php\/wp-json\/wp\/v2\/pages"}],"about":[{"href":"https:\/\/parroquia.escaladigital.es\/index.php\/wp-json\/wp\/v2\/types\/page"}],"author":[{"embeddable":true,"href":"https:\/\/parroquia.escaladigital.es\/index.php\/wp-json\/wp\/v2\/users\/1"}],"replies":[{"embeddable":true,"href":"https:\/\/parroquia.escaladigital.es\/index.php\/wp-json\/wp\/v2\/comments?post=987493925"}],"version-history":[{"count":6,"href":"https:\/\/parroquia.escaladigital.es\/index.php\/wp-json\/wp\/v2\/pages\/987493925\/revisions"}],"predecessor-version":[{"id":987494124,"href":"https:\/\/parroquia.escaladigital.es\/index.php\/wp-json\/wp\/v2\/pages\/987493925\/revisions\/987494124"}],"wp:attachment":[{"href":"https:\/\/parroquia.escaladigital.es\/index.php\/wp-json\/wp\/v2\/media?parent=987493925"}],"curies":[{"name":"wp","href":"https:\/\/api.w.org\/{rel}","templated":true}]}}