{"id":987493931,"date":"2025-10-07T16:59:58","date_gmt":"2025-10-07T16:59:58","guid":{"rendered":"https:\/\/parroquia.escaladigital.es\/?page_id=987493931"},"modified":"2025-12-17T19:22:42","modified_gmt":"2025-12-17T19:22:42","slug":"nuestra-senora-de-las-montanas","status":"publish","type":"page","link":"https:\/\/parroquia.escaladigital.es\/index.php\/nuestra-senora-de-las-montanas\/","title":{"rendered":"Nuestra Se\u00f1ora de las Monta\u00f1as"},"content":{"rendered":"<p>[et_pb_section fb_built=\u00bb1&#8243; next_background_color=\u00bb#ffffff\u00bb _builder_version=\u00bb4.27.4&#8243; _module_preset=\u00bbdefault\u00bb background_color=\u00bbgcid-1ca960c4-f7f5-462e-9bc0-93e92eae81c8&#8243; bottom_divider_style=\u00bbasymmetric\u00bb bottom_divider_flip=\u00bbhorizontal\u00bb global_colors_info=\u00bb{%22gcid-1ca960c4-f7f5-462e-9bc0-93e92eae81c8%22:%91%22background_color%22%93}\u00bb][et_pb_row _builder_version=\u00bb4.27.4&#8243; _module_preset=\u00bbdefault\u00bb global_colors_info=\u00bb{}\u00bb][et_pb_column type=\u00bb4_4&#8243; _builder_version=\u00bb4.27.4&#8243; _module_preset=\u00bbdefault\u00bb global_colors_info=\u00bb{}\u00bb][et_pb_text _builder_version=\u00bb4.27.4&#8243; _module_preset=\u00bbdefault\u00bb text_font=\u00bbCinzel|700|||||||\u00bb text_text_color=\u00bb#000000&#8243; text_font_size=\u00bb35px\u00bb text_orientation=\u00bbcenter\u00bb global_colors_info=\u00bb{}\u00bb]<\/p>\n<p style=\"text-align: left;\">Santuario de Nuestra Se\u00f1ora de las Monta\u00f1as<\/p>\n<p>[\/et_pb_text][\/et_pb_column][\/et_pb_row][\/et_pb_section][et_pb_section fb_built=\u00bb1&#8243; _builder_version=\u00bb4.27.4&#8243; _module_preset=\u00bbdefault\u00bb collapsed=\u00bbon\u00bb global_colors_info=\u00bb{}\u00bb locked=\u00bboff\u00bb][et_pb_row column_structure=\u00bb2_3,1_3&#8243; _builder_version=\u00bb4.27.4&#8243; _module_preset=\u00bbdefault\u00bb global_colors_info=\u00bb{}\u00bb][et_pb_column type=\u00bb2_3&#8243; _builder_version=\u00bb4.27.4&#8243; _module_preset=\u00bbdefault\u00bb global_colors_info=\u00bb{}\u00bb][et_pb_text _builder_version=\u00bb4.27.4&#8243; _module_preset=\u00bbdefault\u00bb text_font=\u00bbCinzel||||||||\u00bb text_text_color=\u00bb#000000&#8243; text_font_size=\u00bb25px\u00bb global_colors_info=\u00bb{}\u00bb]<\/p>\n<p>Santuario de Nuestra Se\u00f1ora de las Monta\u00f1as<\/p>\n<p>[\/et_pb_text][et_pb_text _builder_version=\u00bb4.27.4&#8243; _module_preset=\u00bbdefault\u00bb text_font=\u00bbLato||||||||\u00bb text_text_color=\u00bb#000000&#8243; text_font_size=\u00bb18px\u00bb text_line_height=\u00bb1.8em\u00bb global_colors_info=\u00bb{}\u00bb]<\/p>\n<p style=\"text-align: justify;\">Situado a unos 8 km de Villamart\u00edn, en la carretera hacia Ubrique, cerca de la Fortaleza de Matrera.\u00a0<br data-start=\"2038\" data-end=\"2041\" \/>Es un lugar de peregrinaci\u00f3n y devoci\u00f3n mariana, con la romer\u00eda anual cada 8 de septiembre.\u00a0<br data-start=\"2175\" data-end=\"2178\" \/>Arquitect\u00f3nicamente es una ermita\/santuario de planta de sal\u00f3n, con una sola nave, b\u00f3veda y algunos elementos decorativos a\u00f1adidos en reformas de finales del siglo XVIII \/ principios del XIX.<\/p>\n<p>[\/et_pb_text][\/et_pb_column][et_pb_column type=\u00bb1_3&#8243; _builder_version=\u00bb4.27.4&#8243; _module_preset=\u00bbdefault\u00bb global_colors_info=\u00bb{}\u00bb][et_pb_image src=\u00bbhttps:\/\/parroquia.escaladigital.es\/wp-content\/uploads\/2025\/10\/montanas.jpeg\u00bb title_text=\u00bbmonta\u00f1as\u00bb _builder_version=\u00bb4.27.4&#8243; _module_preset=\u00bbdefault\u00bb global_colors_info=\u00bb{}\u00bb][\/et_pb_image][\/et_pb_column][\/et_pb_row][\/et_pb_section]<\/p>\n","protected":false},"excerpt":{"rendered":"<p>Santuario de Nuestra Se\u00f1ora de las Monta\u00f1asSantuario de Nuestra Se\u00f1ora de las Monta\u00f1asSituado a unos 8 km de Villamart\u00edn, en la carretera hacia Ubrique, cerca de la Fortaleza de Matrera.\u00a0Es un lugar de peregrinaci\u00f3n y devoci\u00f3n mariana, con la romer\u00eda anual cada 8 de septiembre.\u00a0Arquitect\u00f3nicamente es una ermita\/santuario de planta de sal\u00f3n, con una sola [&hellip;]<\/p>\n","protected":false},"author":1,"featured_media":0,"parent":0,"menu_order":0,"comment_status":"closed","ping_status":"closed","template":"","meta":{"_et_pb_use_builder":"on","_et_pb_old_content":"","_et_gb_content_width":"","footnotes":""},"class_list":["post-987493931","page","type-page","status-publish","hentry"],"_links":{"self":[{"href":"https:\/\/parroquia.escaladigital.es\/index.php\/wp-json\/wp\/v2\/pages\/987493931","targetHints":{"allow":["GET"]}}],"collection":[{"href":"https:\/\/parroquia.escaladigital.es\/index.php\/wp-json\/wp\/v2\/pages"}],"about":[{"href":"https:\/\/parroquia.escaladigital.es\/index.php\/wp-json\/wp\/v2\/types\/page"}],"author":[{"embeddable":true,"href":"https:\/\/parroquia.escaladigital.es\/index.php\/wp-json\/wp\/v2\/users\/1"}],"replies":[{"embeddable":true,"href":"https:\/\/parroquia.escaladigital.es\/index.php\/wp-json\/wp\/v2\/comments?post=987493931"}],"version-history":[{"count":6,"href":"https:\/\/parroquia.escaladigital.es\/index.php\/wp-json\/wp\/v2\/pages\/987493931\/revisions"}],"predecessor-version":[{"id":987494121,"href":"https:\/\/parroquia.escaladigital.es\/index.php\/wp-json\/wp\/v2\/pages\/987493931\/revisions\/987494121"}],"wp:attachment":[{"href":"https:\/\/parroquia.escaladigital.es\/index.php\/wp-json\/wp\/v2\/media?parent=987493931"}],"curies":[{"name":"wp","href":"https:\/\/api.w.org\/{rel}","templated":true}]}}